{"id":23,"date":"2020-06-18T12:43:08","date_gmt":"2020-06-18T12:43:08","guid":{"rendered":"https:\/\/promo.compac.es\/?page_id=3"},"modified":"2023-09-06T10:32:13","modified_gmt":"2023-09-06T10:32:13","slug":"politica-privacidad","status":"publish","type":"page","link":"https:\/\/stock.compac.es\/valencia\/politica-privacidad\/","title":{"rendered":"Pol\u00edtica de privacidad"},"content":{"rendered":"\t\t<div data-elementor-type=\"wp-page\" data-elementor-id=\"23\" class=\"elementor elementor-23\" data-elementor-settings=\"[]\">\n\t\t\t<div class=\"elementor-inner\">\n\t\t\t\t<div class=\"elementor-section-wrap\">\n\t\t\t\t\t\t\t<section class=\"elementor-element elementor-element-5e121bb8 elementor-section-boxed elementor-section-height-default elementor-section-height-default elementor-section elementor-top-section\" data-id=\"5e121bb8\" data-element_type=\"section\">\n\t\t\t\t\t\t<div class=\"elementor-container elementor-column-gap-default\">\n\t\t\t\t<div class=\"elementor-row\">\n\t\t\t\t<div class=\"elementor-element elementor-element-1c7cbc79 elementor-column elementor-col-100 elementor-top-column\" data-id=\"1c7cbc79\" data-element_type=\"column\">\n\t\t\t<div class=\"elementor-column-wrap  elementor-element-populated\">\n\t\t\t\t\t<div class=\"elementor-widget-wrap\">\n\t\t\t\t<div class=\"elementor-element elementor-element-50bb7e3 elementor-widget__width-inherit elementor-fixed elementor-view-default elementor-widget elementor-widget-icon\" data-id=\"50bb7e3\" data-element_type=\"widget\" data-settings=\"{&quot;_position&quot;:&quot;fixed&quot;}\" data-widget_type=\"icon.default\">\n\t\t\t\t<div class=\"elementor-widget-container\">\n\t\t\t\t\t<div class=\"elementor-icon-wrapper\">\n\t\t\t<a class=\"elementor-icon\" href=\"https:\/\/stock.compac.es\/valencia\">\n\t\t\t<svg xmlns=\"http:\/\/www.w3.org\/2000\/svg\" xmlns:xlink=\"http:\/\/www.w3.org\/1999\/xlink\" id=\"Capa_1\" x=\"0px\" y=\"0px\" viewBox=\"0 0 19.3 19\" style=\"enable-background:new 0 0 19.3 19;\" xml:space=\"preserve\">\n<path d=\"M11.9,9.5L19,2.4c0.4-0.4,0.4-1.1,0-1.5l-0.6-0.6c-0.4-0.4-1.1-0.4-1.5,0L9.7,7.5L2.4,0.3C2-0.1,1.4-0.1,0.9,0.3L0.3,0.9  c-0.4,0.4-0.4,1.1,0,1.5l7.1,7.1l-7.1,7.1c-0.4,0.4-0.4,1.1,0,1.5l0.6,0.6c0.4,0.4,1.1,0.4,1.5,0l7.2-7.2l7.2,7.2  c0.4,0.4,1.1,0.4,1.5,0l0.6-0.6c0.4-0.4,0.4-1.1,0-1.5L11.9,9.5z\"><\/path>\n<\/svg>\t\t\t<\/a>\n\t\t<\/div>\n\t\t\t\t<\/div>\n\t\t\t\t<\/div>\n\t\t\t\t<div class=\"elementor-element elementor-element-1a5a3341 elementor-widget elementor-widget-text-editor\" data-id=\"1a5a3341\" data-element_type=\"widget\" data-widget_type=\"text-editor.default\">\n\t\t\t\t<div class=\"elementor-widget-container\">\n\t\t\t\t\t<div class=\"elementor-text-editor elementor-clearfix\"><h1 style=\"text-align: center;\">Pol\u00edtica de privacidad<\/h1><h2>Qui\u00e9nes somos<\/h2><p>El sitio web stock.compac.es\/valencia pertenece a que es el titular de la presente p\u00e1gina Web, operando bajo la denominaci\u00f3n comercial \u201cCOMPAC\u201d.<\/p><p>La direcci\u00f3n de nuestra web es: https:\/\/stock.compac.es\/valencia.<\/p><h2>Qu\u00e9 datos personales recogemos y por qu\u00e9 los recogemos<\/h2><h3>Reservas<\/h3><p>Cuando los visitantes hacen una reserva a trav\u00e9s del formulario previsto para ello, recopilamos los datos que se muestran en el formulario, as\u00ed como la direcci\u00f3n IP del visitante y la cadena de agentes de usuario del navegador para ayudar a la detecci\u00f3n de spam.<\/p><p>Una cadena an\u00f3nima creada a partir de tu direcci\u00f3n de correo electr\u00f3nico (tambi\u00e9n llamada hash) puede ser proporcionada al servicio de Gravatar para ver si la est\u00e1s usando. La pol\u00edtica de privacidad del servicio Gravatar est\u00e1 disponible aqu\u00ed: https:\/\/automattic.com\/privacy\/. Despu\u00e9s de la aprobaci\u00f3n de tu comentario, la imagen de tu perfil es visible para el p\u00fablico en el contexto de tu comentario.<\/p><h3>Medios<\/h3><p>Si subes im\u00e1genes a la web, deber\u00edas evitar subir im\u00e1genes con datos de ubicaci\u00f3n (GPS EXIF) incluidos. Los visitantes de la web pueden descargar y extraer cualquier dato de ubicaci\u00f3n de las im\u00e1genes de la web.<\/p><h3>Cookies<\/h3><p>Si dejas un comentario en nuestro sitio puedes elegir guardar tu nombre, direcci\u00f3n de correo electr\u00f3nico y web en cookies. Esto es para tu comodidad, para que no tengas que volver a rellenar tus datos cuando dejes otro comentario. Estas cookies tendr\u00e1n una duraci\u00f3n de un a\u00f1o.<\/p><p>Si tienes una cuenta y te conectas a este sitio, instalaremos una cookie temporal para determinar si tu navegador acepta cookies. Esta cookie no contiene datos personales y se elimina al cerrar el navegador.<\/p><p>Cuando accedas, tambi\u00e9n instalaremos varias cookies para guardar tu informaci\u00f3n de acceso y tus opciones de visualizaci\u00f3n de pantalla. Las cookies de acceso duran dos d\u00edas, y las cookies de opciones de pantalla duran un a\u00f1o. Si seleccionas \u00abRecu\u00e9rdarme\u00bb, tu acceso perdurar\u00e1 durante dos semanas. Si sales de tu cuenta, las cookies de acceso se eliminar\u00e1n.<\/p><p>Si editas o publicas un art\u00edculo se guardar\u00e1 una cookie adicional en tu navegador. Esta cookie no incluye datos personales y simplemente indica el ID del art\u00edculo que acabas de editar. Caduca despu\u00e9s de 1 d\u00eda.<\/p><h3>Contenido incrustado de otros sitios web<\/h3><p>Los art\u00edculos de este sitio pueden incluir contenido incrustado (por ejemplo, v\u00eddeos, im\u00e1genes, art\u00edculos, etc.). El contenido incrustado de otras webs se comporta exactamente de la misma manera que si el visitante hubiera visitado la otra web.<\/p><p>Estas web pueden recopilar datos sobre ti, utilizar cookies, incrustar un seguimiento adicional de terceros, y supervisar tu interacci\u00f3n con ese contenido incrustado, incluido el seguimiento de tu interacci\u00f3n con el contenido incrustado si tienes una cuenta y est\u00e1s conectado a esa web.<\/p><h2>Con qui\u00e9n compartimos tus datos. Cu\u00e1nto tiempo conservamos tus datos<\/h2><p>Si dejas un comentario, el comentario y sus metadatos se conservan indefinidamente. Esto es para que podamos reconocer y aprobar comentarios sucesivos autom\u00e1ticamente, en lugar de mantenerlos en una cola de moderaci\u00f3n.<\/p><p>De los usuarios que se registran en nuestra web (si los hay), tambi\u00e9n almacenamos la informaci\u00f3n personal que proporcionan en su perfil de usuario. Todos los usuarios pueden ver, editar o eliminar su informaci\u00f3n personal en cualquier momento (excepto que no pueden cambiar su nombre de usuario). Los administradores de la web tambi\u00e9n pueden ver y editar esa informaci\u00f3n.<\/p><h2>Qu\u00e9 derechos tienes sobre tus datos<\/h2><p>Si tienes una cuenta o has dejado comentarios en esta web, puedes solicitar recibir un archivo de exportaci\u00f3n de los datos personales que tenemos sobre ti, incluyendo cualquier dato que nos hayas proporcionado. Tambi\u00e9n puedes solicitar que eliminemos cualquier dato personal que tengamos sobre ti. Esto no incluye ning\u00fan dato que estemos obligados a conservar con fines administrativos, legales o de seguridad.<\/p><h2>D\u00f3nde enviamos tus datos<\/h2><p>Los comentarios de los visitantes puede que los revise un servicio de detecci\u00f3n autom\u00e1tica de spam.<\/p><h3>CONDICIONES DE UTILIZACI\u00d3N DE LA WEB<\/h3><p>El usuario debe utilizar la web conforme a los Usos Autorizados. Est\u00e1 expresamente prohibida la utilizaci\u00f3n del sitio web o de cualquiera de sus servicios con finalidades il\u00edcitas, en contra de la Buena Fe, del Orden P\u00fablico o de lo establecido en las condiciones de uso. Est\u00e1 igualmente prohibido cualquier uso lesivo de derechos o intereses de terceros que, de cualquier manera, dificulte la normal utilizaci\u00f3n de la p\u00e1gina web por parte del resto de usuarios.<\/p><h3>DERECHOS DE PROPIEDAD INTELECTUAL E INDUSTRIAL<\/h3><p>Todos los contenidos de la web (marca, nombres comerciales, im\u00e1genes, iconos, dise\u00f1o y presentaci\u00f3n general de las diferentes secciones) est\u00e1n sujetos a derechos de propiedad intelectual o industrial de COMPAC y de terceros. En ning\u00fan caso la entrada en la web implica que por parte de COMPAC o del titular de dichos derechos:<\/p><p>A. Se proporcione Autorizaci\u00f3n o Licencia sobre dichos contenidos<br \/>B. Se renuncie, transmita y ceda total o parcialmente ninguno de sus derechos sobre los contenidos (entre muchos, sus derechos de reproducci\u00f3n, distribuci\u00f3n y comunicaci\u00f3n p\u00fablica).<br \/>C. No podr\u00e1n realizarse utilizaciones de la web y\/o de sus contenidos, diferentes de las expresamente autorizadas por COMPAC\u00ae.<br \/>D. Ning\u00fan usuario puede revender, volver a publicar, imprimir, bajar, copiar, retransmitir o presentar ning\u00fan elemento de esta web ni de los contenidos de la misma sin el consentimiento previo por escrito de COMPAC\u00ae , a no ser que la ley permita, en medida razonable, copiar o imprimir los contenidos para uso personal y no comercial, manteni\u00e9ndose inalterados en todo caso el copyright y dem\u00e1s datos identificativos de los derechos de COMPAC\u00ae y\/o del titular de los derechos de esos contenidos.<br \/>Esta web y sus contenidos est\u00e1n protegidos por las leyes de protecci\u00f3n de la Propiedad Industrial e Intelectual internacionales y de Espa\u00f1a, ya sea como creaciones individuales y\/o como compilaciones. El usuario no puede borrar ni modificar de ninguna forma la informaci\u00f3n relativa a esos derechos incluidos en la web. Quedan reservados todos los derechos en favor de COMPAC\u00ae o del titular de los mismos.<\/p><h2>EXCLUSI\u00d3N DE GARANT\u00cdAS Y RESPONSABILIDAD<\/h2><p><strong style=\"font-size: 16px;\">1. Exclusi\u00f3n de garant\u00edas y responsabilidad por el funcionamiento de la Web.<\/strong><\/p><p>COMPAC\u00ae no garantiza, ni se compromete por el funcionamiento de la web y\/o sus servicios.\u00a0\u00a0\u00a0\u00a0<\/p><p>COMPAC\u00ae tiene licencia para efectuar cuantas modificaciones t\u00e9cnicas sean precisas para mejorar la calidad, rendimiento, eficacia del sistema y de su conexi\u00f3n. Salvo que se indique expresamente un plazo, la prestaci\u00f3n de los servicios tiene, en principio, una duraci\u00f3n indefinida. No obstante COMPAC\u00ae puede dar por terminados uno de los servicios o la entrada en la web en cualquier momento. Siempre que esto fuera posible, COMPAC\u00ae tratar\u00e1 de comunic\u00e1rselo previamente al usuario.<\/p><p><strong>2. Exclusi\u00f3n de garant\u00edas y responsabilidad por los contenidos.<\/strong><\/p><p>A. Los contenidos de todo tipo incluidos en la web, los cuales, se hallan disponibles para el p\u00fablico en general, facilitan el disfrute de la informaci\u00f3n, productos y servicios suministrados o prestados por COMPAC\u00ae.<\/p><p>COMPAC\u00ae no puede garantizar la fiabilidad, veracidad, exhaustividad y novedad de los contenidos. As\u00ed, queda excluida cualquier tipo de responsabilidad de COMPAC\u00ae que pudiera derivarse por los da\u00f1os causados, directa o indirectamente, por la informaci\u00f3n proporcionada por medio de la web.<\/p><p>B. COMPAC\u00ae no garantiza la idoneidad de los contenidos incluidos en la web para fines particulares. En consecuencia, tanto la entrada en dicha web como el uso que pueda hacerse de la informaci\u00f3n y contenidos incluidos en las misma, se efect\u00faa bajo la exclusiva responsabilidad de quien lo realice, y COMPAC\u00ae no responder\u00e1 en ning\u00fan caso por los eventuales perjuicios derivados del uso de la informaci\u00f3n presente en la web.<\/p><p>C. La web puede permitir al usuario su entrada por medio de enlaces a diferentes p\u00e1ginas web.<\/p><p>COMPAC\u00ae no responde ni hace suyo el contenido de las p\u00e1ginas web enlazadas, ni garantiza la legalidad, exactitud, veracidad y fiabilidad de la informaci\u00f3n que incluyan.<\/p><h2>POL\u00cdTICA PRIVACIDAD<\/h2><p><strong>1. Responsable del tratamiento y datos de contacto<\/strong><\/p><p>La presente pol\u00edtica de privacidad aplica a todos los datos de car\u00e1cter personal que el usuario aporte a COMPAC CORPORATE, S.L., entidad responsable del tratamiento de sus datos, con domicilio en C\/ Travessera d\u2019Albaida 1, 46727, Real de Gand\u00eda (Valencia), a trav\u00e9s de los formularios o canales de contacto habilitados en su p\u00e1gina web.<\/p><p>En caso de que lo desee, puede contactar con nosotros a trav\u00e9s de correo electr\u00f3nico en la siguiente direcci\u00f3n: lopd@compac.es<\/p><p><strong>2. \u00bfCon qu\u00e9 finalidad(es) trataremos sus datos y sobre qu\u00e9 base jur\u00eddica?<\/strong><\/p><p>Sus datos personales se tratan, de conformidad con lo dispuesto en el RGPD, sobre la base legal y con las finalidades que a continuaci\u00f3n se\u00f1alamos:<\/p><p><strong>a) Consentimiento del interesado<\/strong><\/p><p>El tratamiento de sus datos personales se realizar\u00e1, siempre y cuando nos haya dado su consentimiento, con las siguientes finalidades:<\/p><p>En caso de que sus datos se hayan obtenido del formulario de contacto sus datos ser\u00e1n tratados con las siguientes finalidades:<\/p><p>&#8211; Atender su solicitud, pudiendo tratarse entre otras de dar respuesta a sus sugerencias, dudas, quejas o solicitudes de informaci\u00f3n comercial. Entendemos que al cumplimentar el formulario de contacto y facilitar los datos necesarios, presta su consentimiento para tratar sus datos con esta finalidad.<br \/>&#8211; Comunicar sus datos a otras empresas del GRUPO COMPAC\u00ae, o a distribuidores y marmolistas, con la finalidad de dar respuesta a las consultas, solicitudes, comentarios, dudas, quejas o cualquier otra inquietud que nos haya hecho llegar a trav\u00e9s de los canales de contacto.<\/p><p>Adicionalmente, en caso de que nos haya dado su consentimiento para ello mediante la marcaci\u00f3n de las casillas habilitadas a tal efecto, sus datos podr\u00e1n ser utilizados con la finalidad de realizar env\u00edos comerciales, promocionales y\/o de publicidad, incluyendo comunicaciones por medios electr\u00f3nico.<\/p><p>Usted podr\u00e1 revocar en cualquier momento su consentimiento. Esto es aplicable igualmente en caso de que su consentimiento fuera otorgado antes de la entrada en vigor del Reglamento General de Protecci\u00f3n de Datos de la UE, es decir, antes del 25 de mayo de 2018. Cabe destacar que la oposici\u00f3n a un determinado tratamiento y la revocaci\u00f3n del consentimiento no tienen car\u00e1cter retroactivo.<\/p><p><strong>b) Sus datos se tratar\u00e1n con la finalidad de gestionar y ejecutar el contrato de reserva y posterior venta entre las partes, respecto el producto que ha adquirido.<\/strong><\/p><p>En este sentido, los datos solicitados y marcados como obligatorios resultan necesarios para gestionar el contrato, no siendo posible atender dicha finalidad si no se facilitan los datos.<\/p><p><strong>c) Inter\u00e9s leg\u00edtimo<\/strong><\/p><p>Gestionar el env\u00edo de comunicaciones comerciales o promocionales de car\u00e1cter profesional relacionadas con productos y\/o servicios que ya tenga adquiridos o que haya adquirido en el pasado. Los datos personales podr\u00e1n ser tratados para la elaboraci\u00f3n de perfiles basados en datos internos cuyos resultados permitan identificar las comunicaciones que puedan resultarle de su inter\u00e9s en base a los productos y\/o servicios adquiridos.<\/p><p>En cualquier momento podr\u00e1 oponerse a que sus datos sean tratados con esta finalidad siguiendo las instrucciones descritas en el apartado 7.<\/p><p><strong>3. Decisiones individuales automatizadas y creaci\u00f3n de perfiles<\/strong><\/p><p>No utilizamos procesos de toma de decisiones completamente automatizados, incluida la creaci\u00f3n de perfiles, de acuerdo con lo descrito en el art\u00edculo 22 del RGPD. En caso de que puntualmente empleemos este procedimiento, usted ser\u00e1 informado de ello y tendr\u00e1 derecho a obtener la intervenci\u00f3n humana en la toma de decisi\u00f3n.<\/p><p><strong>4. \u00bfA qu\u00e9 destinatarios se comunicar\u00e1n sus datos?<\/strong><\/p><p>Para llevar a cabo las finalidades anteriormente descritas, COMPAC CORPORATE, S.L. cuenta con la colaboraci\u00f3n de algunos terceros proveedores de servicios que tienen acceso a sus datos personales y que tratan los referidos datos en nombre y por cuenta de COMPAC CORPORATE, S.L. como consecuencia de su prestaci\u00f3n de servicios. En concreto, COMPAC CORPORATE, S.L. contratar\u00e1 la prestaci\u00f3n de servicios por parte de terceros proveedores que desempe\u00f1an su actividad, a t\u00edtulo enunciativo y no limitativo, en los siguientes sectores: asesoramiento jur\u00eddico, empresas de servicios profesionales multidisciplinares, empresas proveedoras de servicios tecnol\u00f3gicos, empresas proveedoras de servicios inform\u00e1ticos. Entre los proveedores se encuentran Salesforce Inc. y Rocket Science Group LLC d\/b\/a MailChimp, entidades ubicadas en Estados Unidos y adheridas al Privacy Shield.<br \/>Asimismo, y \u00fanicamente en el caso de que usted nos preste el consentimiento para ello a trav\u00e9s de la casilla destinada a tal efecto, sus datos podr\u00e1n ser cedidos con la finalidad de atender a la solicitud realizada a trav\u00e9s del formulario de contacto, pudiendo tratarse entre otras de dar respuesta a sus sugerencias, dudas, quejas o solicitudes de informaci\u00f3n comercial, a M\u00e1rmol Compac S.A.U, Compac UK Ltd., Silicalia Portugal Industria y Comercio de Aglomerados de Pedra S.A. o a los distribuidores, marmolistas o tiendas especializadas en caso de que hayan intermediado en la prestaci\u00f3n originaria de su comunicaci\u00f3n.<\/p><p><strong>5. \u00bfCu\u00e1nto tiempo conservaremos sus datos?<\/strong><\/p><p>COMPAC CORPORATE, S.L. cumplir\u00e1 lo dispuesto en la normativa vigente en cuanto al deber de supresi\u00f3n de la informaci\u00f3n personal que haya dejado de ser necesaria para el fin o los fines para los cuales fue recabada.<\/p><p>Sus datos quedar\u00e1n a disposici\u00f3n exclusiva de Jueces y Tribunales, el Ministerio Fiscal o las Administraciones P\u00fablicas competentes para la atenci\u00f3n de las posibles responsabilidades nacidas del tratamiento, y solo durante los plazos de descripci\u00f3n de dichas responsabilidades.<\/p><p>Una vez transcurran dichos plazos, se eliminar\u00e1 definitivamente esa informaci\u00f3n mediante m\u00e9todos seguros.<\/p><p><strong>6. \u00bfC\u00f3mo hemos obtenido sus datos?<\/strong><\/p><p>Los datos personales que COMPAC CORPORATE, S.L. trata son los datos personales recabados directamente de usted a trav\u00e9s de los formularios habilitados en la p\u00e1gina web.<\/p><p><strong>7. \u00bfCu\u00e1les son sus derechos cuando nos facilita sus datos?<\/strong><\/p><p>De acuerdo con los dispuesto en el Reglamento General de Protecci\u00f3n de Datos, as\u00ed como en la normativa nacional en materia de protecci\u00f3n de datos, usted tiene derecho a ejercitar, si as\u00ed lo desea, los derechos de acceso, rectificaci\u00f3n y supresi\u00f3n de datos, as\u00ed como solicitar que se limite el tratamiento de sus datos personales, oponerse al mismo, solicitar la portabilidad de sus datos, as\u00ed como no ser objeto de decisiones individuales automatizadas.<\/p><p>Adicionalmente, en caso de que el tratamiento de datos personales descrito se base en el consentimiento prestado por su parte, usted puede revocar en cualquier momento dicho consentimiento. En este sentido, cabe destacar que la revocaci\u00f3n del consentimiento prestado no afectar\u00e1 a la licitud del tratamiento realizado con anterioridad a la retirada de dicho consentimiento.<\/p><p>Usted puede ejercitar los derechos anteriormente descritos a trav\u00e9s de los siguientes canales, aportando la documentaci\u00f3n necesaria que nos permita verificar su identidad (copia del DNI, pasaporte, NIE, etc.):<\/p><p>&#8211; Por escrito, mediante solicitud dirigida a COMPAC CORPORATE, S.L., C\/ Travessera d\u2019Albaida 1, 46727, Real de Gand\u00eda (Valencia).<br \/>&#8211; Mediante correo electr\u00f3nico a la siguiente direcci\u00f3n lopd@compac.es<\/p><p><strong>8. \u00bfAnte qui\u00e9n puede ejercitar sus reclamaciones?<\/strong><\/p><p>En caso de que entienda que se han visto vulnerados sus derechos en materia de protecci\u00f3n de datos o tenga cualquier reclamaci\u00f3n relativa a su informaci\u00f3n personal usted podr\u00e1 dirigirse al Responsable del Tratamiento cuyos datos de contacto puede encontrar en el apartado 1.<\/p><p>En cualquier caso, los interesados siempre podr\u00e1n acudir ante la Agencia Espa\u00f1ola de Protecci\u00f3n de Datos, autoridad de control en materia de protecci\u00f3n de datos, http:\/\/www.agpd.es., C\/Jorge Juan n\u00famero 6, 28001, Madrid.<\/p><h2>JURISDICCI\u00d3N Y LEY APLICABLE<\/h2><p>Las condiciones de uso y los servicios ofrecidos en la web se rigen por la Ley Espa\u00f1ola. COMPAC\u00ae no tiene control sobre qui\u00e9n o quienes pueden entrar en su web y d\u00f3nde pueden estar emplazados. En caso de conflicto o reclamaci\u00f3n en referencia a la web o cualquiera de los servicios prestados por la misma, las partes pactan someterse expresamente en los juzgados y tribunales de Valencia, Espa\u00f1a.<\/p><\/div>\n\t\t\t\t<\/div>\n\t\t\t\t<\/div>\n\t\t\t\t\t\t<\/div>\n\t\t\t<\/div>\n\t\t<\/div>\n\t\t\t\t\t\t<\/div>\n\t\t\t<\/div>\n\t\t<\/section>\n\t\t\t\t\t\t<\/div>\n\t\t\t<\/div>\n\t\t<\/div>\n\t\t","protected":false},"excerpt":{"rendered":"<p>Pol\u00edtica de privacidad Qui\u00e9nes somos El sitio web stock.compac.es\/valencia pertenece a que es el titular de la presente p\u00e1gina Web, operando bajo la denominaci\u00f3n comercial \u201cCOMPAC\u201d. La direcci\u00f3n de nuestra web es: https:\/\/stock.compac.es\/valencia. Qu\u00e9 datos personales recogemos y por qu\u00e9 los recogemos Reservas Cuando los visitantes hacen una reserva a trav\u00e9s del formulario previsto para [&hellip;]<\/p>\n","protected":false},"author":1,"featured_media":0,"parent":0,"menu_order":0,"comment_status":"closed","ping_status":"open","template":"","meta":[],"_links":{"self":[{"href":"https:\/\/stock.compac.es\/valencia\/wp-json\/wp\/v2\/pages\/23"}],"collection":[{"href":"https:\/\/stock.compac.es\/valencia\/wp-json\/wp\/v2\/pages"}],"about":[{"href":"https:\/\/stock.compac.es\/valencia\/wp-json\/wp\/v2\/types\/page"}],"author":[{"embeddable":true,"href":"https:\/\/stock.compac.es\/valencia\/wp-json\/wp\/v2\/users\/1"}],"replies":[{"embeddable":true,"href":"https:\/\/stock.compac.es\/valencia\/wp-json\/wp\/v2\/comments?post=23"}],"version-history":[{"count":21,"href":"https:\/\/stock.compac.es\/valencia\/wp-json\/wp\/v2\/pages\/23\/revisions"}],"predecessor-version":[{"id":869,"href":"https:\/\/stock.compac.es\/valencia\/wp-json\/wp\/v2\/pages\/23\/revisions\/869"}],"wp:attachment":[{"href":"https:\/\/stock.compac.es\/valencia\/wp-json\/wp\/v2\/media?parent=23"}],"curies":[{"name":"wp","href":"https:\/\/api.w.org\/{rel}","templated":true}]}}