{"id":233,"date":"2020-07-09T05:51:40","date_gmt":"2020-07-09T05:51:40","guid":{"rendered":"https:\/\/promo.compac.es\/politica-de-cookie-ue\/"},"modified":"2023-09-06T10:13:15","modified_gmt":"2023-09-06T10:13:15","slug":"politica-de-cookies","status":"publish","type":"page","link":"https:\/\/stock.compac.es\/valencia\/politica-de-cookies\/","title":{"rendered":"Pol\u00edtica de cookies"},"content":{"rendered":"\t\t<div data-elementor-type=\"wp-page\" data-elementor-id=\"233\" class=\"elementor elementor-233\" data-elementor-settings=\"[]\">\n\t\t\t<div class=\"elementor-inner\">\n\t\t\t\t<div class=\"elementor-section-wrap\">\n\t\t\t\t\t\t\t<section class=\"elementor-element elementor-element-55bcfa9a elementor-section-boxed elementor-section-height-default elementor-section-height-default elementor-section elementor-top-section\" data-id=\"55bcfa9a\" data-element_type=\"section\">\n\t\t\t\t\t\t<div class=\"elementor-container elementor-column-gap-default\">\n\t\t\t\t<div class=\"elementor-row\">\n\t\t\t\t<div class=\"elementor-element elementor-element-488c2aec elementor-column elementor-col-100 elementor-top-column\" data-id=\"488c2aec\" data-element_type=\"column\">\n\t\t\t<div class=\"elementor-column-wrap  elementor-element-populated\">\n\t\t\t\t\t<div class=\"elementor-widget-wrap\">\n\t\t\t\t<div class=\"elementor-element elementor-element-e03bde1 elementor-view-default elementor-widget elementor-widget-icon\" data-id=\"e03bde1\" data-element_type=\"widget\" data-widget_type=\"icon.default\">\n\t\t\t\t<div class=\"elementor-widget-container\">\n\t\t\t\t\t<div class=\"elementor-icon-wrapper\">\n\t\t\t<a class=\"elementor-icon\" href=\"https:\/\/stock.compac.es\/valencia\/\">\n\t\t\t<svg xmlns=\"http:\/\/www.w3.org\/2000\/svg\" xmlns:xlink=\"http:\/\/www.w3.org\/1999\/xlink\" id=\"Capa_1\" x=\"0px\" y=\"0px\" viewBox=\"0 0 19.3 19\" style=\"enable-background:new 0 0 19.3 19;\" xml:space=\"preserve\">\n<path d=\"M11.9,9.5L19,2.4c0.4-0.4,0.4-1.1,0-1.5l-0.6-0.6c-0.4-0.4-1.1-0.4-1.5,0L9.7,7.5L2.4,0.3C2-0.1,1.4-0.1,0.9,0.3L0.3,0.9  c-0.4,0.4-0.4,1.1,0,1.5l7.1,7.1l-7.1,7.1c-0.4,0.4-0.4,1.1,0,1.5l0.6,0.6c0.4,0.4,1.1,0.4,1.5,0l7.2-7.2l7.2,7.2  c0.4,0.4,1.1,0.4,1.5,0l0.6-0.6c0.4-0.4,0.4-1.1,0-1.5L11.9,9.5z\"><\/path>\n<\/svg>\t\t\t<\/a>\n\t\t<\/div>\n\t\t\t\t<\/div>\n\t\t\t\t<\/div>\n\t\t\t\t<div class=\"elementor-element elementor-element-6a2afc10 elementor-widget elementor-widget-text-editor\" data-id=\"6a2afc10\" data-element_type=\"widget\" data-widget_type=\"text-editor.default\">\n\t\t\t\t<div class=\"elementor-widget-container\">\n\t\t\t\t\t<div class=\"elementor-text-editor elementor-clearfix\"><h1 style=\"text-align: center;\">Pol\u00edtica de cookies<\/h1>\n<span style=\"display: block;\n    width: 120px;\n    height: 5px;\n    background-color: #13161C;\n    margin: 30px auto;\"><\/span>\n\n<!-- This legal document was generated by Complianz | GDPR\/CCPA Cookie Consent https:\/\/wordpress.org\/plugins\/complianz-gdpr -->\n<div id=\"cmplz-document\" class=\"cmplz-document cookie-statement\"><p><i>Esta declaraci\u00f3n de cookies fue actualizada por \u00faltima vez en 6 de September de 2023 y se aplica a los ciudadanos del Espacio Econ\u00f3mico Europeo.<\/i><\/p><h3>1. Introducci\u00f3n<\/h3><p>Nuestra web, <a href=\"https:\/\/stock.compac.es\/valencia\">https:\/\/stock.compac.es\/valencia<\/a> (en adelante: \u00abla web\u00bb) utiliza cookies y otras tecnolog\u00edas relacionadas (para mayor comodidad, todas las tecnolog\u00edas se denominan \u00abcookies\u00bb). Las cookies tambi\u00e9n son colocadas por terceros a los que hemos contratado. En el siguiente documento te informamos sobre el uso de cookies en nuestra web.<\/p><h3>2. \u00bfQu\u00e9 son las cookies?<\/h3><p>Una cookie es un peque\u00f1o archivo simple que se env\u00eda junto con las p\u00e1ginas de esta web y que tu navegador almacena en el disco duro de tu ordenador o de otro dispositivo. La informaci\u00f3n almacenada puede ser devuelta a nuestros servidores o a los servidores de terceros relevantes durante una visita posterior.<\/p><h3>3. \u00bfQu\u00e9 son los scripts?<\/h3><p>Un script es un fragmento de c\u00f3digo de programa que se utiliza para hacer que nuestra web funcione correctamente y de forma interactiva. Este c\u00f3digo se ejecuta en nuestro servidor o en tu dispositivo.<\/p><h3>4. \u00bfQu\u00e9 es una baliza web?<\/h3><p>Una baliza web (o una etiqueta de p\u00edxel) es una peque\u00f1a e invisible pieza de texto o imagen en una web que se utiliza para hacer seguimiento del tr\u00e1fico en una web. Para ello, se almacenan varios datos sobre ti mediante balizas web.<\/p><h3>5. Consentimiento<\/h3><p>Cuando visites nuestra web por primera vez, te mostraremos una ventana emergente con una explicaci\u00f3n sobre las cookies. Tan pronto como hagas clic en \u00abGuardar preferencias\u00bb, nos autorizas a utilizar las categor\u00edas de cookies y plugins que seleccionaste en el mensaje emergente, tal y como se describe en esta declaraci\u00f3n de cookies. Puedes desactivar el uso de cookies a trav\u00e9s de tu navegador, pero ten en cuenta que es posible que nuestra web ya no funcione correctamente.<\/p><p class=\"cmplz-subtitle\">5.1 Gestiona tus ajustes de consentimiento<\/p><p><p id=\"cmlz-manage-consent-container\" class=\"cmplz-manage-consent-container\"><\/p><\/p><h3>6. Cookies<\/h3><p class=\"cmplz-subtitle\">6.1 Cookies t\u00e9cnicas o funcionales<\/p><p>Algunas cookies aseguran que ciertas partes de la web funcionen correctamente y que tus preferencias de usuario sigan record\u00e1ndose. Al colocar cookies funcionales, te facilitamos la visita a nuestra web. De esta manera, no necesitas introducir repetidamente la misma informaci\u00f3n cuando visitas nuestra web y, por ejemplo, los art\u00edculos permanecen en tu cesta de la compra hasta que hayas pagado. Podemos colocar estas cookies sin tu consentimiento.<\/p><p class=\"cmplz-subtitle\">6.2 Cookies anal\u00edticas<\/p><p>Como los datos estad\u00edsticos son monitorizados an\u00f3nimamente, no se pide permiso para poner cookies anal\u00edticas.<\/p><h3>7. Cookies usadas<\/h3><h4>Varios<\/h4>\n<p><\/p>\n\n<table>\n    <tr>\n        <td>Nombre<\/td>\n        <td>Retenci\u00f3n<\/td>\n        <td>Funci\u00f3n<\/td>\n    <\/tr>\n    <tr>\n\t<td><b>Prop\u00f3sito pendiente de investigaci\u00f3n<\/b><\/td>\n\t<td>&nbsp;<\/td>\n\t<td>&nbsp;<\/td>\n<\/tr>\n<tr>\n    <td>WP_PREFERENCES_USER_1<\/td>\n    <td><\/td>\n    <td><\/td>\n<\/tr>\n\n\n<tr>\n    <td>_ga_40FJFV3HXF<\/td>\n    <td><\/td>\n    <td><\/td>\n<\/tr>\n\n\n<tr>\n    <td>_ga_34GMVK3MPQ<\/td>\n    <td><\/td>\n    <td><\/td>\n<\/tr>\n\n\n<tr>\n    <td>_ga_CFBSFG5JSK<\/td>\n    <td><\/td>\n    <td><\/td>\n<\/tr>\n\n\n<tr>\n    <td>_ga_3TG38CGT38<\/td>\n    <td><\/td>\n    <td><\/td>\n<\/tr>\n\n\n<tr>\n    <td>_ga_2GLKDNM3XG<\/td>\n    <td><\/td>\n    <td><\/td>\n<\/tr>\n\n\n<tr>\n    <td>_ga<\/td>\n    <td><\/td>\n    <td><\/td>\n<\/tr>\n\n\n<tr>\n    <td>wordpress_test_cookie<\/td>\n    <td><\/td>\n    <td><\/td>\n<\/tr>\n\n\n<tr>\n    <td>wp-settings-time-1<\/td>\n    <td><\/td>\n    <td><\/td>\n<\/tr>\n\n\n<tr>\n    <td>wordpress_b58218b69b6e1720a63886ee3605c398<\/td>\n    <td><\/td>\n    <td><\/td>\n<\/tr>\n\n\n<tr>\n    <td>wordpress_logged_in_b58218b69b6e1720a63886ee3605c398<\/td>\n    <td><\/td>\n    <td><\/td>\n<\/tr>\n\n\n<tr>\n    <td>elementor<\/td>\n    <td><\/td>\n    <td><\/td>\n<\/tr>\n\n\n<tr>\n    <td>WP_PREFERENCES_USER_2<\/td>\n    <td><\/td>\n    <td><\/td>\n<\/tr>\n\n\n<tr>\n    <td>wp-settings-time-2<\/td>\n    <td><\/td>\n    <td><\/td>\n<\/tr>\n\n\n<tr>\n    <td>wp-settings-2<\/td>\n    <td><\/td>\n    <td><\/td>\n<\/tr>\n\n\n<tr>\n    <td>e_kit-elements-defaults<\/td>\n    <td><\/td>\n    <td><\/td>\n<\/tr>\n\n\n<tr>\n    <td>acf<\/td>\n    <td><\/td>\n    <td><\/td>\n<\/tr>\n\n\n<tr>\n    <td>wp-settings-1<\/td>\n    <td><\/td>\n    <td><\/td>\n<\/tr>\n\n\n<tr>\n    <td>wp-wpml_current_admin_language_d41d8cd98f00b204e9800998ecf8427e<\/td>\n    <td><\/td>\n    <td><\/td>\n<\/tr>\n\n\n<tr>\n    <td>wp-wpml_current_language<\/td>\n    <td><\/td>\n    <td><\/td>\n<\/tr>\n\n\n<tr>\n    <td>wp-saving-post<\/td>\n    <td><\/td>\n    <td><\/td>\n<\/tr>\n\n\n<tr>\n    <td>WP_DATA_USER_2<\/td>\n    <td><\/td>\n    <td><\/td>\n<\/tr>\n\n\n<tr>\n    <td>_gcl_au<\/td>\n    <td><\/td>\n    <td><\/td>\n<\/tr>\n\n\n<tr>\n    <td>_fbp<\/td>\n    <td><\/td>\n    <td><\/td>\n<\/tr>\n\n\n<tr>\n    <td>_gid<\/td>\n    <td><\/td>\n    <td><\/td>\n<\/tr>\n\n\n<tr>\n    <td>_ga_1Q1E26PNVK<\/td>\n    <td><\/td>\n    <td><\/td>\n<\/tr>\n\n\n<tr>\n    <td>wordpress_sec_76b845bb017e37a7e97d682b5c74889a<\/td>\n    <td><\/td>\n    <td><\/td>\n<\/tr>\n\n\n<tr>\n    <td>wordpress_logged_in_76b845bb017e37a7e97d682b5c74889a<\/td>\n    <td><\/td>\n    <td><\/td>\n<\/tr>\n\n\n<tr>\n    <td>wp-autosave-3<\/td>\n    <td><\/td>\n    <td><\/td>\n<\/tr>\n\n\n<tr>\n    <td>complianz_policy_id<\/td>\n    <td>365 d\u00edas<\/td>\n    <td><\/td>\n<\/tr>\n\n\n<tr>\n    <td>i18nextLng<\/td>\n    <td><\/td>\n    <td><\/td>\n<\/tr>\n\n\n<tr>\n    <td>complianz_consent_status<\/td>\n    <td>365 d\u00edas<\/td>\n    <td><\/td>\n<\/tr>\n\n\n<tr>\n    <td>cmplz_stats<\/td>\n    <td>365 d\u00edas<\/td>\n    <td><\/td>\n<\/tr>\n\n\n<tr>\n    <td>cmplz_marketing<\/td>\n    <td>365 d\u00edas<\/td>\n    <td><\/td>\n<\/tr>\n\n\n<tr>\n    <td>wp-settings-4<\/td>\n    <td><\/td>\n    <td><\/td>\n<\/tr>\n\n\n<tr>\n    <td>wp-settings-time-4<\/td>\n    <td><\/td>\n    <td><\/td>\n<\/tr>\n\n\n<tr>\n    <td>wp-settings-time-5<\/td>\n    <td><\/td>\n    <td><\/td>\n<\/tr>\n\n\n<tr>\n    <td>wp-settings-5<\/td>\n    <td><\/td>\n    <td><\/td>\n<\/tr>\n\n\n<tr>\n    <td>wp-settings-time-6<\/td>\n    <td><\/td>\n    <td><\/td>\n<\/tr>\n\n\n<tr>\n    <td>_fbc<\/td>\n    <td><\/td>\n    <td><\/td>\n<\/tr>\n\n\n<tr>\n    <td>wp_lang<\/td>\n    <td><\/td>\n    <td><\/td>\n<\/tr>\n\n\n<tr>\n    <td>_grecaptcha<\/td>\n    <td><\/td>\n    <td><\/td>\n<\/tr>\n\n\n<tr>\n    <td>continueReview<\/td>\n    <td><\/td>\n    <td><\/td>\n<\/tr>\n\n\n<tr>\n    <td>ate_widget_fetch_time<\/td>\n    <td><\/td>\n    <td><\/td>\n<\/tr>\n\n\n<tr>\n    <td>ate_widget_url<\/td>\n    <td><\/td>\n    <td><\/td>\n<\/tr>\n\n\n<tr>\n    <td>wp-settings-time-29<\/td>\n    <td><\/td>\n    <td><\/td>\n<\/tr>\n\n\n<tr>\n    <td>wp-settings-29<\/td>\n    <td><\/td>\n    <td><\/td>\n<\/tr>\n\n\n<tr>\n    <td>_gat_gtag_UA_4137801_2<\/td>\n    <td><\/td>\n    <td><\/td>\n<\/tr>\n\n\n<tr>\n    <td>wp-autosave-21<\/td>\n    <td><\/td>\n    <td><\/td>\n<\/tr>\n\n\n<tr>\n    <td>PHPSESSID<\/td>\n    <td><\/td>\n    <td><\/td>\n<\/tr>\n\n\n<tr>\n    <td>wp-settings-191<\/td>\n    <td><\/td>\n    <td><\/td>\n<\/tr>\n\n\n<tr>\n    <td>wp-settings-time-191<\/td>\n    <td><\/td>\n    <td><\/td>\n<\/tr>\n\n\n<tr>\n    <td>wp-settings-6<\/td>\n    <td><\/td>\n    <td><\/td>\n<\/tr>\n\n\n<tr>\n    <td>loglevel<\/td>\n    <td><\/td>\n    <td><\/td>\n<\/tr>\n\n\n\n<\/table>\n\n<h5>Compartir<\/h5>\n<p>Estos datos no se comparten con terceros.<\/p><h3>8. Tus derechos con respecto a los datos personales<\/h3><p>Tienes los siguientes derechos con respecto a tus datos personales:<\/p><p><ul>\n                    <li>Tiene derecho a saber por qu\u00e9 se necesitan tus datos personales, qu\u00e9 suceder\u00e1 con ellos y durante cu\u00e1nto tiempo se conservar\u00e1n.<\/li>\n                    <li>Derecho de acceso: tienes derecho a acceder a tus datos personales que conocemos.<\/li>\n                    <li>Derecho de rectificaci\u00f3n: tienes derecho a completar, rectificar, borrar o bloquear tus datos personales cuando lo desees.<\/li>\n                    <li>Si nos das tu consentimiento para procesar tus datos, tienes derecho a revocar dicho consentimiento y a que se eliminen tus datos personales.<\/li>\n                    <li>Derecho de cesi\u00f3n de tus datos: tienes derecho a solicitar todos tus datos personales al responsable del tratamiento y a transferirlos \u00edntegramente a otro responsable del tratamiento.<\/li>\n                    <li>Derecho de oposici\u00f3n: puedes oponerte al tratamiento de tus datos. Nosotros cumplimos con esto, a menos que existan motivos justificados para el procesamiento.<\/li>\n                <\/ul><\/p><p>Para ejercer estos derechos, ponte en contacto con nosotros. Por favor, refi\u00e9rete a los detalles de contacto en la parte inferior de esta declaraci\u00f3n de cookies. Si tienes alguna queja sobre c\u00f3mo manejamos tus datos, nos gustar\u00eda saber de ti, pero tambi\u00e9n tienes derecho a presentar una queja a la autoridad supervisora (la Autoridad de Protecci\u00f3n de Datos).<\/p><h3>9. Activaci\u00f3n, desactivaci\u00f3n y eliminaci\u00f3n de cookies<\/h3><p>Puedes utilizar tu navegador de Internet para eliminar las cookies de forma autom\u00e1tica o manual. Tambi\u00e9n puedes especificar que ciertas cookies no pueden ser colocadas. Otra opci\u00f3n es cambiar los ajustes de tu navegador de Internet para que recibas un mensaje cada vez que se coloca una cookie. Para obtener m\u00e1s informaci\u00f3n sobre estas opciones, consulta las instrucciones de la secci\u00f3n \u00abAyuda\u00bb de tu navegador.<\/p><p>Ten en cuenta que nuestra web puede no funcionar correctamente si todas las cookies est\u00e1n desactivadas. Si borras las cookies de tu navegador, se volver\u00e1n a colocar despu\u00e9s de tu consentimiento cuando vuelvas a visitar nuestras webs.<\/p><h3>10. Detalles de contacto<\/h3><p>Para preguntas y\/o comentarios sobre nuestra pol\u00edtica de cookies y esta declaraci\u00f3n, p\u00f3ngase en contacto con nosotros utilizando los siguientes datos de contacto:<\/p><p>COMPAC CORPORATE, S.L.<br>\n                    Travessera d\u2019Albaida 1, 46727, Real de Gandia, Valencia. Spain.<br>\n                    Espa\u00f1a<br>\n                    Website: <a href=\"https:\/\/stock.compac.es\/valencia\">https:\/\/stock.compac.es\/valencia<\/a> <br>\n                    Email: <a href=\"mailto:info&#x40;comp&#097;c&#x2e;es\">info&#x40;comp&#097;c&#x2e;es<\/a> <br>\n                    N\u00famero de tel\u00e9fono: +34 670 278 837<br><\/p><p>Esta pol\u00edtica de cookies ha sido sincronizada con <a href=\"https:\/\/cookiedatabase.org\" target=\"_blank\">cookiedatabase.org<\/a> el (no sincronizado a\u00fan)<\/p><\/div>\n\n<p>&nbsp;<\/p>\n<\/div>\n\t\t\t\t<\/div>\n\t\t\t\t<\/div>\n\t\t\t\t\t\t<\/div>\n\t\t\t<\/div>\n\t\t<\/div>\n\t\t\t\t\t\t<\/div>\n\t\t\t<\/div>\n\t\t<\/section>\n\t\t\t\t\t\t<\/div>\n\t\t\t<\/div>\n\t\t<\/div>\n\t\t","protected":false},"excerpt":{"rendered":"<p>Pol\u00edtica de cookies &nbsp;<\/p>\n","protected":false},"author":1,"featured_media":0,"parent":0,"menu_order":0,"comment_status":"closed","ping_status":"closed","template":"","meta":[],"_links":{"self":[{"href":"https:\/\/stock.compac.es\/valencia\/wp-json\/wp\/v2\/pages\/233"}],"collection":[{"href":"https:\/\/stock.compac.es\/valencia\/wp-json\/wp\/v2\/pages"}],"about":[{"href":"https:\/\/stock.compac.es\/valencia\/wp-json\/wp\/v2\/types\/page"}],"author":[{"embeddable":true,"href":"https:\/\/stock.compac.es\/valencia\/wp-json\/wp\/v2\/users\/1"}],"replies":[{"embeddable":true,"href":"https:\/\/stock.compac.es\/valencia\/wp-json\/wp\/v2\/comments?post=233"}],"version-history":[{"count":9,"href":"https:\/\/stock.compac.es\/valencia\/wp-json\/wp\/v2\/pages\/233\/revisions"}],"predecessor-version":[{"id":798,"href":"https:\/\/stock.compac.es\/valencia\/wp-json\/wp\/v2\/pages\/233\/revisions\/798"}],"wp:attachment":[{"href":"https:\/\/stock.compac.es\/valencia\/wp-json\/wp\/v2\/media?parent=233"}],"curies":[{"name":"wp","href":"https:\/\/api.w.org\/{rel}","templated":true}]}}