{"id":715,"date":"2023-07-13T08:32:46","date_gmt":"2023-07-13T08:32:46","guid":{"rendered":"https:\/\/stock.compac.es\/valencia\/?page_id=715"},"modified":"2023-09-19T06:23:51","modified_gmt":"2023-09-19T06:23:51","slug":"condiciones-de-reserva","status":"publish","type":"page","link":"https:\/\/stock.compac.es\/valencia\/condiciones-de-reserva\/","title":{"rendered":"Condiciones de reserva"},"content":{"rendered":"\t\t<div data-elementor-type=\"wp-page\" data-elementor-id=\"715\" class=\"elementor elementor-715\" data-elementor-settings=\"[]\">\n\t\t\t<div class=\"elementor-inner\">\n\t\t\t\t<div class=\"elementor-section-wrap\">\n\t\t\t\t\t\t\t<section class=\"elementor-element elementor-element-1d888ca1 elementor-section-boxed elementor-section-height-default elementor-section-height-default elementor-section elementor-top-section\" data-id=\"1d888ca1\" data-element_type=\"section\">\n\t\t\t\t\t\t<div class=\"elementor-container elementor-column-gap-default\">\n\t\t\t\t<div class=\"elementor-row\">\n\t\t\t\t<div class=\"elementor-element elementor-element-1f44b79f elementor-column elementor-col-100 elementor-top-column\" data-id=\"1f44b79f\" data-element_type=\"column\">\n\t\t\t<div class=\"elementor-column-wrap  elementor-element-populated\">\n\t\t\t\t\t<div class=\"elementor-widget-wrap\">\n\t\t\t\t<div class=\"elementor-element elementor-element-79d016c elementor-fixed elementor-view-default elementor-widget elementor-widget-icon\" data-id=\"79d016c\" data-element_type=\"widget\" data-settings=\"{&quot;_position&quot;:&quot;fixed&quot;}\" data-widget_type=\"icon.default\">\n\t\t\t\t<div class=\"elementor-widget-container\">\n\t\t\t\t\t<div class=\"elementor-icon-wrapper\">\n\t\t\t<a class=\"elementor-icon\" href=\"https:\/\/stock.compac.es\/valencia\">\n\t\t\t<svg xmlns=\"http:\/\/www.w3.org\/2000\/svg\" xmlns:xlink=\"http:\/\/www.w3.org\/1999\/xlink\" id=\"Capa_1\" x=\"0px\" y=\"0px\" viewBox=\"0 0 19.3 19\" style=\"enable-background:new 0 0 19.3 19;\" xml:space=\"preserve\">\n<path d=\"M11.9,9.5L19,2.4c0.4-0.4,0.4-1.1,0-1.5l-0.6-0.6c-0.4-0.4-1.1-0.4-1.5,0L9.7,7.5L2.4,0.3C2-0.1,1.4-0.1,0.9,0.3L0.3,0.9  c-0.4,0.4-0.4,1.1,0,1.5l7.1,7.1l-7.1,7.1c-0.4,0.4-0.4,1.1,0,1.5l0.6,0.6c0.4,0.4,1.1,0.4,1.5,0l7.2-7.2l7.2,7.2  c0.4,0.4,1.1,0.4,1.5,0l0.6-0.6c0.4-0.4,0.4-1.1,0-1.5L11.9,9.5z\"><\/path>\n<\/svg>\t\t\t<\/a>\n\t\t<\/div>\n\t\t\t\t<\/div>\n\t\t\t\t<\/div>\n\t\t\t\t<div class=\"elementor-element elementor-element-2805c699 elementor-widget elementor-widget-text-editor\" data-id=\"2805c699\" data-element_type=\"widget\" data-widget_type=\"text-editor.default\">\n\t\t\t\t<div class=\"elementor-widget-container\">\n\t\t\t\t\t<div class=\"elementor-text-editor elementor-clearfix\"><h1 style=\"text-align: center;\">Condiciones de reserva<\/h1><h3>1. FINALIDAD, ALCANCE Y VALIDEZ<\/h3><p>Las presentes Condiciones Generales de Reserva de material Outlet COMPAC\u00ae tienen como finalidad regular las relaciones mercantiles entre COMPAC\u00ae y el cliente.<\/p><p>Las Condiciones Generales de Reserva Material Outlet COMPAC\u00ae ser\u00e1n de aplicaci\u00f3n siempre que las partes no hayan acordado expresamente y por escrito otras condiciones espec\u00edficas sobre la compra del material outlet COMPAC\u00ae, en cuyo caso ser\u00edan de aplicaci\u00f3n prioritaria sobre las Condiciones Generales de Venta del Material Outlet COMPAC\u00ae.<\/p><p>El cliente, con la realizaci\u00f3n de una reserva de compra de productos Outlet de COMPAC\u00ae, reconoce aceptar plenamente y sin reservas las presentes condiciones generales de reserva, que se incorporar\u00e1n autom\u00e1ticamente a las relaciones mercantiles entre las partes.<\/p><h3>2. CONDICIONES DE ACCESO DEL CLIENTE<\/h3><p>El cliente, con car\u00e1cter previo a la formalizaci\u00f3n de la reserva de material outlet COMPAC\u00ae deber\u00e1 estar registrado en el sistema de gesti\u00f3n de clientes de COMPAC\u00ae.<\/p><p>Para poder realizar pedidos en la p\u00e1gina Web, el cliente proporcionar\u00e1 a COMPAC\u00ae de forma voluntaria y bajo su responsabilidad los datos de registro.<\/p><p>COMPAC\u00ae ofrecer\u00e1 al cliente un sistema de acceso personal a trav\u00e9s de una clave de acceso personalizada (e-mail) y una contrase\u00f1a (password) que le facilitar\u00e1 COMPAC\u00ae mediante un proceso autom\u00e1tico para facilitar al cliente futuras reservas.<\/p><h3>3. PRECIOS Y FORMA DE PAGO<\/h3><p>Los precios de venta de los productos ser\u00e1n los que vengan fijados en la plataforma de reserva online Outlet COMPAC\u00ae y ofertas comunicadas al cliente, o bien las condiciones particulares convenidas entre COMPAC\u00ae y el cliente sobre el material de Outlet COMPAC\u00ae ofrecido en esta plataforma. A dichos precios deber\u00e1n a\u00f1adirse los gastos adicionales e impuestos correspondientes.<\/p><p>COMPAC\u00ae se reserva en cada momento y unilateralmente el derecho a la modificaci\u00f3n del precio de los productos ofertados a trav\u00e9s de su p\u00e1gina web. Para garantizar al cliente la certeza y seguridad del precio de sus productos, \u00e9ste ser\u00e1 el vigente en el momento de formalizar la reserva.<\/p><p>La forma de pago para las reservas de material Outlet realizadas desde esta plataforma ser\u00e1 la establecida en las condiciones particulares y relaciones comerciales con el cliente y se realizar\u00e1 en el momento de la recogida del material.<\/p><p>COMPAC\u00ae se reserva el derecho a solicitar garant\u00edas de pago adicionales para salvaguardar las operaciones de venta.<\/p><p>En caso de que no se realice el pago en el momento establecido, COMPAC\u00ae mantendr\u00e1 la mercanc\u00eda en sus instalaciones sin realizar la entrega del material reservado.<\/p><h3>4. GARANT\u00cdA Y ENTREGA DE LOS PRODUCTOS<\/h3><p>COMPAC\u00ae tendr\u00e1 derecho a modificar los plazos de entrega de los productos acordados con el cliente mediante Condiciones Particulares y\/o las presentes Condiciones Generales de Reserva Outlet debido a circunstancias que queden fuera de su alcance o control, incluyendo, entre otros sin \u00e1nimo limitativo, cambios normativos, circunstancias naturales o de car\u00e1cter social, legal (normativas restrictivas a las operaciones de comercio exterior, condiciones cambiantes del mercado que puedan restringir o afectar sustancialmente al suministro o precio de los productos, as\u00ed como aranceles o tributos imprevistos) o de fuerza mayor as\u00ed como cualesquiera otras que queden fuera de su control.<\/p><p>El cliente debe examinar la mercanc\u00eda en el momento de su recogida comprobando as\u00ed que se adecua a la reserva realizada y confirmando su aceptaci\u00f3n respecto a las condiciones en las que se entrega el producto outlet. Los da\u00f1os posteriores de la mercanc\u00eda no ser\u00e1n cubiertos, puesto que una vez ha sido entregada, la manipulaci\u00f3n y el transporte corren por cuenta del cliente.<\/p><p>La firma del albar\u00e1n o documento de entrega reafirma la aceptaci\u00f3n de las presentes Condiciones Generales de Reserva Outlet asumidas en la compra, as\u00ed como de la calidad, cantidad y estado de la mercanc\u00eda.<\/p><p>La reserva de material a trav\u00e9s de la plataforma web no garantiza la disponibilidad de stock, la disponibilidad del material ser\u00e1 notificada por email indicando la fecha de disponibilidad del material, horario de recogida y direcci\u00f3n.<\/p><p>La reserva de material se mantendr\u00e1 asignado al cliente que la solicita durante 5 d\u00edas h\u00e1biles inici\u00e1ndose el c\u00f3mputo del plazo en el momento en el que se curse la reserva mediante la plataforma web. Una vez finalizado este plazo, el material ser\u00e1 liberado y quedar\u00e1 de nuevo a disposici\u00f3n de COMPAC\u00ae<\/p><p>No se admitir\u00e1n cambios y\/o devoluciones de producto\/s una vez recogidos los materiales en las instalaciones de COMPAC\u00ae.<\/p><h3>5. EMBALAJE Y TRANSPORTE<\/h3><p>El transporte del material no est\u00e1 incluido en la tarifa de venta. Ser\u00e1 gestionado por el cliente, asumiendo el mismo cualesquiera que se generen.<\/p><p>Los embalajes, si los hubiera, no est\u00e1n incluidos en la tarifa y ser\u00e1n a cargo del cliente. Los gastos, reclamaciones, riesgos y\/o portes del transporte son a cargo del cliente.<\/p><h3>6. CALIDAD Y MEDICI\u00d3N<\/h3><p>No se aceptar\u00e1 ninguna reclamaci\u00f3n asociada a un material COMPAC\u00ae utilizado o sometido a alg\u00fan proceso de transformaci\u00f3n o modificaci\u00f3n del mismo por parte del cliente.<\/p><p>Las muestras y\/o im\u00e1genes del producto facilitadas por COMPAC\u00ae en esta web o en cualquier medio no implican que el producto sea id\u00e9ntico a la simulaci\u00f3n. Las im\u00e1genes y muestras sirven de aproximaci\u00f3n y orientaci\u00f3n al dise\u00f1o, representando una peque\u00f1a parte de una tabla original o la percepci\u00f3n de la tabla completa. Son indicativas de la gama de color y estructura de la misma sin que el color definitivo, texturas, el estado del material y defectos, as\u00ed como cualesquiera otras caracter\u00edsticas sin \u00e1nimo limitativo se reflejen, en tanto en cuanto cada tabla de producto outlet es \u00fanica y diferente y la percepci\u00f3n visual y real efectiva puede variar.<\/p><p>El cliente podr\u00e1 examinar el producto en nuestras instalaciones antes de realizar la compra, asumiendo y aceptando con la compra del producto outlet las caracter\u00edsticas del mismo.<\/p><p>No se aceptar\u00e1 reclamaci\u00f3n del material outlet adquirido en la plataforma de reserva de material de COMPAC\u00ae.<\/p><h3>7. RESPONSABILIDAD<\/h3><p>Quedan excluidas cualesquiera reclamaciones por da\u00f1os y perjuicios formulada por el cliente o terceros fuera de los supuestos derivados de falta de conformidad de los productos salvo que medie culpa grave o dolo.<\/p><p>Queda limitada la responsabilidad contractual de COMPAC\u00ae al valor de la mercanc\u00eda objeto de compra.<\/p><p>COMPAC\u00ae no responder\u00e1 frente al cliente ni terceros por lucro cesante, p\u00e9rdida de ingresos, costes de inactividad ni, en general, de p\u00e9rdidas de cualquier clase que pudiera sufrir el cliente o terceros derivadas de la no entrega o de la entrega defectuosa de los productos.<\/p><p>El cliente reconoce que la informaci\u00f3n y documentaci\u00f3n facilitada por COMPAC\u00ae en cuanto al correcto almacenamiento, conservaci\u00f3n y manipulaci\u00f3n de los productos es conocida y suficiente, y en consecuencia ser\u00e1 el \u00fanico responsable, exonerando en lo procedente a COMPAC\u00ae, por los da\u00f1os que se deriven de un inadecuado uso, almacenamiento, conservaci\u00f3n, elaboraci\u00f3n o manipulaci\u00f3n de los productos.<\/p><p>Asimismo, COMPAC\u00ae queda exonerado frente a terceros de toda responsabilidad legal, contractual o extracontractual que pudiera derivarse de los trabajos de manipulaci\u00f3n, tratamiento e instalaci\u00f3n de los productos realizados por empresas distintas de COMPAC\u00ae.<\/p><p>El cliente es el \u00fanico responsable del cumplimiento de las disposiciones legales vigentes en materia medioambiental, y en especial de la gesti\u00f3n de los residuos producidos en el manejo y elaboraci\u00f3n de los materiales adquiridos o su embalaje.<\/p><h3>8. REQUERIMIENTOS DE SEGURIDAD Y SALUD<\/h3><p>El cliente cumplir\u00e1, en todo momento, con toda la legislaci\u00f3n y recomendaciones vigentes en materia de Seguridad y salud, as\u00ed como en materia medioambiental que sea aplicable en cuanto a la manipulaci\u00f3n, almacenamiento, fabricaci\u00f3n e instalaci\u00f3n de los productos comercializados por COMPAC\u00ae.<\/p><p>Los productos comercializados por COMPAC\u00ae pueden contener s\u00edlice cristalina (consultar la respectiva etiqueta y Ficha de Datos de Seguridad). El procesado incorrecto de los productos, o sin las medidas apropiadas de protecci\u00f3n, podr\u00eda causar enfermedades graves, como silicosis o c\u00e1ncer pulmonar.<\/p><p>El cliente se obliga a cumplir e informar a sus trabajadores, usuarios y dem\u00e1s colaboradores o clientes, la legislaci\u00f3n vigente en cada momento, en materia de Seguridad y salud en el trabajo, a los que adem\u00e1s informar\u00e1 de los est\u00e1ndares recomendados por COMPAC\u00ae en estas materias, los cuales son publicados y actualizados en la p\u00e1gina web de COMPAC\u00ae.<\/p><p>El cliente asume \u00edntegramente todas las responsabilidades y riesgos profesionales y extraprofesionales que puedan afectar, en su caso, al personal que trabaje con \u00e9l, con entera indemnidad de COMPAC\u00ae, comprometi\u00e9ndose a cumplir con las obligaciones de aseguramiento y previsi\u00f3n social que recaigan sobre el cliente respecto de su plantilla siendo, en consecuencia, el \u00fanico responsable de cumplir en todo momento con la normativa general o local de naturaleza laboral, de Seguridad Social, de prevenci\u00f3n de riesgos laborales y de medioambiente aplicable a la misma. Para ello el cliente se compromete, entre otras medidas que se consideren oportunas, a impartir a sus empleados formaci\u00f3n en estas materias relacionadas con la salud y seguridad en el tratamiento de los productos y su manipulaci\u00f3n.<\/p><h3>9. PROTECCI\u00d3N DE DATOS PERSONALES<\/h3><p>Los datos personales que sean tratados en el marco de las relaciones entre COMPAC\u00ae y el cliente cuyo fin es gestionar la relaci\u00f3n comercial, ser\u00e1n tratados por el responsable del tratamiento COMPAC CORPORATE, S.L. con domicilio en C\/ Travessera d\u2019Albaida 1, 46727, Real de Gand\u00eda (Valencia) conforme la normativa vigente en materia de protecci\u00f3n de datos.<\/p><p>Los datos personales se tratan, de conformidad con lo dispuesto en el RGPD, sobre la base legal del consentimiento del interesado, en ejecuci\u00f3n de un contrato entre las partes, as\u00ed como por inter\u00e9s leg\u00edtimo del responsable.<\/p><p>Para llevar a cabo las finalidades anteriormente descritas, COMPAC\u00ae colabora con empresas pertenecientes al grupo, as\u00ed como terceros proveedores de servicios que tienen acceso a sus datos personales y que tratan los referidos datos en nombre y por cuenta de COMPAC\u00ae como consecuencia de su prestaci\u00f3n de servicios. En concreto, COMPAC\u00ae contratar\u00e1 la prestaci\u00f3n de servicios por parte de terceros proveedores que desempe\u00f1an su actividad, a t\u00edtulo enunciativo y no limitativo, en los siguientes sectores: asesoramiento jur\u00eddico, empresas de servicios profesionales multidisciplinares, empresas proveedoras de servicios tecnol\u00f3gicos, empresas proveedoras de servicios inform\u00e1ticos.<\/p><p>COMPAC\u00ae cumplir\u00e1 lo dispuesto en la normativa vigente en cuanto al deber de supresi\u00f3n de la informaci\u00f3n personal que haya dejado de ser necesaria para el fin o los fines para los cuales fue recabada, en caso de que nos haya facilitado sus datos para el registro de la garant\u00eda y gesti\u00f3n de la garant\u00eda se conservar\u00e1n sus datos durante el periodo de validez de la misma.<\/p><p>De acuerdo con los dispuesto en el Reglamento General de Protecci\u00f3n de Datos, as\u00ed como en la normativa nacional en materia de protecci\u00f3n de datos, usted tiene derecho a ejercitar, si as\u00ed lo desea, los derechos de acceso, rectificaci\u00f3n y supresi\u00f3n de datos, as\u00ed como solicitar que se limite el tratamiento de sus datos personales, oponerse al mismo, solicitar la portabilidad de sus datos, as\u00ed como no ser objeto de decisiones individuales automatizadas.<\/p><p>Adicionalmente, en caso de que el tratamiento de datos personales descrito se base en el consentimiento prestado por su parte, usted puede revocar en cualquier momento dicho consentimiento. En este sentido, cabe destacar que la revocaci\u00f3n del consentimiento prestado no afectar\u00e1 a la licitud del tratamiento realizado con anterioridad a la retirada de dicho consentimiento.<\/p><p>Usted puede ejercitar los derechos anteriormente descritos a trav\u00e9s de los siguientes canales, aportando la documentaci\u00f3n necesaria que nos permita verificar su identidad (copia del DNI, pasaporte, NIE, etc.):<\/p><ul><li>Por escrito, mediante solicitud dirigida a COMPAC CORPORATE, S.L., C\/ Travessera d\u2019Albaida 1, 46727, Real de Gand\u00eda (Valencia).<\/li><li>Mediante correo electr\u00f3nico a la siguiente direcci\u00f3n <a href=\"mailto:lopd@compac.es\" target=\"_blank\" rel=\"noopener\">lopd@compac.es<\/a><\/li><\/ul><p>En caso de que entienda que se han visto vulnerados sus derechos en materia de protecci\u00f3n de datos o tenga cualquier reclamaci\u00f3n relativa a su informaci\u00f3n personal usted podr\u00e1 dirigirse a COMPAC\u00ae como Responsable del Tratamiento cuyos datos de contacto puede encontrar en este mismo apartado.<\/p><p>En cualquier caso, los interesados siempre podr\u00e1n acudir ante la Agencia Espa\u00f1ola de Protecci\u00f3n de Datos, autoridad de control en materia de protecci\u00f3n de datos, http:\/\/www.agpd.es., C\/Jorge Juan n\u00famero 6, 28001, Madrid.<\/p><h3>10. DERECHOS DE LA PROPIEDAD INDUSTRIAL<\/h3><p>El cliente reconoce que COMPAC\u00ae, o las Sociedades de su Grupo, son titulares de pleno dominio de una cartera de marcas y signos distintivos \u2013registradas o no- con los que identifica la procedencia empresarial de los Productos y con los que distingue las diferentes l\u00edneas de Productos.<\/p><p>Bajo ning\u00fan contexto podr\u00e1 en forma alguna entenderse que COMPAC\u00ae cede la titularidad o autoriza al cliente a utilizar los derechos de propiedad industrial e intelectual salvo pacto expreso y por escrito. El derecho de utilizaci\u00f3n de todos los derechos de propiedad intelectual e industrial sobre los PRODUCTOS es y ser\u00e1 para siempre en todo caso propiedad exclusivamente de COMPAC\u00ae.<\/p><p>\u00danicamente se permitir\u00e1 el uso de las marcas y nombres comerciales de COMPAC\u00ae por parte del cliente para la comercializaci\u00f3n de los productos, indicando claramente la relaci\u00f3n del Cliente con COMPAC\u00ae, que COMPAC\u00ae es el propietario de las marcas y nombres comerciales, y cumpliendo en todo caso las indicaciones de COMPAC\u00ae.<\/p><p>El cliente se abstendr\u00e1 de realizar, pr\u00e1cticas ilegales, enga\u00f1osas o contrarias a la \u00e9tica que pudieran redundar en perjuicio de COMPAC\u00ae.<\/p><p>El cliente no deber\u00e1 emprender ninguna acci\u00f3n o adoptar ninguna medida que pueda afectar la validez de los derechos de propiedad industrial o intelectual de COMPAC\u00ae y deber\u00e1 proteger el fondo de comercio relacionado con estos. En particular, el cliente se compromete a no registrar o solicitar protecci\u00f3n sobre las marcas o cualquiera de los derechos de propiedad industrial o intelectual de COMPAC\u00ae ni sobre ning\u00fan signo similar, web, dominio o perfil confundible con la COMPAC\u00ae o que pudiera causar confusi\u00f3n con los productos o actividades de COMPAC\u00ae.<\/p><p>Si, por cualquier motivo, el cliente registrara cualquier nombre, dominio, marca, perfil en redes sociales o nombre comercial que contenga, sea igual o sea similar a las marcas y nombres comerciales registrados o usados por COMPAC\u00ae, el cliente quedar\u00e1 obligado a transferir la propiedad de dichos registros a COMPAC\u00ae sin coste alguno para este \u00faltimo y de manera inmediata a la petici\u00f3n formal de COMPAC\u00ae.<\/p><h3>11. DERECHO Y FUERO APLICABLE<\/h3><p>Las relaciones mercantiles entre el cliente y COMPAC\u00ae, as\u00ed como la interpretaci\u00f3n de las presentes condiciones generales de venta se regir\u00e1n por las leyes espa\u00f1olas.<\/p><p>En caso de discrepancias en relaci\u00f3n con la interpretaci\u00f3n, aplicaci\u00f3n o ejecuci\u00f3n de las mismas o de controversia en relaci\u00f3n con los t\u00e9rminos previstos en las presentes condiciones generales, las partes aceptan someterse a la jurisdicci\u00f3n de los juzgados y tribunales de la ciudad de Valencia para resolver cualquier disputa entre la filial de COMPAC\u00ae y el Cliente, si bien COMPAC\u00ae podr\u00e1 instar cualquier tipo de medida tendente a la satisfacci\u00f3n de sus intereses ante una jurisdicci\u00f3n distinta.<\/p><\/div>\n\t\t\t\t<\/div>\n\t\t\t\t<\/div>\n\t\t\t\t\t\t<\/div>\n\t\t\t<\/div>\n\t\t<\/div>\n\t\t\t\t\t\t<\/div>\n\t\t\t<\/div>\n\t\t<\/section>\n\t\t\t\t\t\t<\/div>\n\t\t\t<\/div>\n\t\t<\/div>\n\t\t","protected":false},"excerpt":{"rendered":"<p>Condiciones de reserva 1. FINALIDAD, ALCANCE Y VALIDEZ Las presentes Condiciones Generales de Reserva de material Outlet COMPAC\u00ae tienen como finalidad regular las relaciones mercantiles entre COMPAC\u00ae y el cliente. Las Condiciones Generales de Reserva Material Outlet COMPAC\u00ae ser\u00e1n de aplicaci\u00f3n siempre que las partes no hayan acordado expresamente y por escrito otras condiciones espec\u00edficas [&hellip;]<\/p>\n","protected":false},"author":2,"featured_media":0,"parent":0,"menu_order":0,"comment_status":"closed","ping_status":"closed","template":"","meta":[],"_links":{"self":[{"href":"https:\/\/stock.compac.es\/valencia\/wp-json\/wp\/v2\/pages\/715"}],"collection":[{"href":"https:\/\/stock.compac.es\/valencia\/wp-json\/wp\/v2\/pages"}],"about":[{"href":"https:\/\/stock.compac.es\/valencia\/wp-json\/wp\/v2\/types\/page"}],"author":[{"embeddable":true,"href":"https:\/\/stock.compac.es\/valencia\/wp-json\/wp\/v2\/users\/2"}],"replies":[{"embeddable":true,"href":"https:\/\/stock.compac.es\/valencia\/wp-json\/wp\/v2\/comments?post=715"}],"version-history":[{"count":21,"href":"https:\/\/stock.compac.es\/valencia\/wp-json\/wp\/v2\/pages\/715\/revisions"}],"predecessor-version":[{"id":822,"href":"https:\/\/stock.compac.es\/valencia\/wp-json\/wp\/v2\/pages\/715\/revisions\/822"}],"wp:attachment":[{"href":"https:\/\/stock.compac.es\/valencia\/wp-json\/wp\/v2\/media?parent=715"}],"curies":[{"name":"wp","href":"https:\/\/api.w.org\/{rel}","templated":true}]}}